{"id":24785,"date":"2025-11-21T22:45:56","date_gmt":"2025-11-21T21:45:56","guid":{"rendered":"https:\/\/www.rajfrance.org\/fr\/?post_type=product&#038;p=24785"},"modified":"2026-01-30T10:15:22","modified_gmt":"2026-01-30T09:15:22","slug":"conference-joseph-kessel","status":"publish","type":"product","link":"https:\/\/www.rajfrance.org\/fr\/product\/conference-joseph-kessel\/","title":{"rendered":"Conf\u00e9rence Joseph Kessel"},"content":{"rendered":"<p>Conf\u00e9rence Joseph Kessel du 11 f\u00e9vrier 2026<\/p>\n","protected":false},"excerpt":{"rendered":"<p>Conf&eacute;rence Joseph Kessel du 11 f&eacute;vrier 2026<\/p>\n","protected":false},"featured_media":24819,"template":"","meta":[],"product_brand":[],"product_cat":[68],"product_tag":[],"class_list":{"0":"post-24785","1":"product","2":"type-product","3":"status-publish","4":"has-post-thumbnail","6":"product_cat-conference","7":"wcpa_has_options","9":"first","10":"instock","11":"downloadable","12":"virtual","13":"purchasable","14":"product-type-simple"},"_links":{"self":[{"href":"https:\/\/www.rajfrance.org\/fr\/wp-json\/wp\/v2\/product\/24785","targetHints":{"allow":["GET"]}}],"collection":[{"href":"https:\/\/www.rajfrance.org\/fr\/wp-json\/wp\/v2\/product"}],"about":[{"href":"https:\/\/www.rajfrance.org\/fr\/wp-json\/wp\/v2\/types\/product"}],"wp:featuredmedia":[{"embeddable":true,"href":"https:\/\/www.rajfrance.org\/fr\/wp-json\/wp\/v2\/media\/24819"}],"wp:attachment":[{"href":"https:\/\/www.rajfrance.org\/fr\/wp-json\/wp\/v2\/media?parent=24785"}],"wp:term":[{"taxonomy":"product_brand","embeddable":true,"href":"https:\/\/www.rajfrance.org\/fr\/wp-json\/wp\/v2\/product_brand?post=24785"},{"taxonomy":"product_cat","embeddable":true,"href":"https:\/\/www.rajfrance.org\/fr\/wp-json\/wp\/v2\/product_cat?post=24785"},{"taxonomy":"product_tag","embeddable":true,"href":"https:\/\/www.rajfrance.org\/fr\/wp-json\/wp\/v2\/product_tag?post=24785"}],"curies":[{"name":"wp","href":"https:\/\/api.w.org\/{rel}","templated":true}]}}