{"id":1546,"date":"2014-10-08T13:39:25","date_gmt":"2014-10-08T13:39:25","guid":{"rendered":"http:\/\/zephyr.us-themes.com\/"},"modified":"2025-10-05T10:19:14","modified_gmt":"2025-10-05T08:19:14","slug":"home","status":"publish","type":"page","link":"https:\/\/www.rajfrance.org\/fr\/","title":{"rendered":"Accueil"},"content":{"rendered":"<section class=\"l-section wpb_row us_custom_6df4bc3a has_text_color height_small with_img parallax_fixed\"><div class=\"l-section-img\" role=\"img\" aria-label=\"Image\" data-img-width=\"1920\" data-img-height=\"1036\" style=\"background-image: url(https:\/\/www.rajfrance.org\/fr\/wp-content\/uploads\/2018\/07\/mains-1.jpg);background-repeat: no-repeat;\"><\/div><div class=\"l-section-overlay\" style=\"background:rgba(255,255,255,0.3)\"><\/div><div class=\"l-section-h i-cf\"><div class=\"g-cols vc_row via_flex valign_middle type_default stacking_default\"><div class=\"vc_col-sm-12 wpb_column vc_column_container us_animate_afb\" style=\"animation-delay:0.2s\"><div class=\"vc_column-inner\"><div class=\"wpb_wrapper\"><div class=\"g-cols wpb_row via_flex valign_top type_default stacking_default\"><div class=\"vc_col-sm-12 wpb_column vc_column_container\"><div class=\"vc_column-inner\"><div class=\"wpb_wrapper\"><div class=\"w-separator size_custom\" style=\"height:60px\"><\/div>[vc_custom_heading text=\u00a0\u00bbRejoignez le mouvement !\u00a0\u00bb font_container=\u00a0\u00bbtag:h4|font_size:32px|text_align:center|line_height:40px\u00a0\u00bb google_fonts=\u00a0\u00bbfont_family:Roboto%3A100%2C100italic%2C300%2C300italic%2Cregular%2Citalic%2C500%2C500italic%2C700%2C700italic%2C900%2C900italic|font_style:400%20regular%3A400%3Anormal\u00a0\u00bb css=\u00a0\u00bb%7B%22default%22%3A%7B%22font-size%22%3A%2232px%22%2C%22line-height%22%3A%2240px%22%7D%7D\u00a0\u00bb]<div class=\"w-image us_custom_1165d820 align_center us_animate_afr\" style=\"animation-delay:0.8s\"><div class=\"w-image-h\"><img decoding=\"async\" width=\"300\" height=\"124\" src=\"https:\/\/www.rajfrance.org\/fr\/wp-content\/uploads\/2018\/07\/logo-rajf-moyen-300x124.png\" class=\"attachment-medium size-medium\" alt=\"\" loading=\"lazy\" srcset=\"https:\/\/www.rajfrance.org\/fr\/wp-content\/uploads\/2018\/07\/logo-rajf-moyen-300x124.png 300w, https:\/\/www.rajfrance.org\/fr\/wp-content\/uploads\/2018\/07\/logo-rajf-moyen.png 500w\" sizes=\"auto, (max-width: 300px) 100vw, 300px\" \/><\/div><\/div><div class=\"w-separator size_custom\" style=\"height:30px\"><\/div><div class=\"w-btn-wrapper align_center\"><a class=\"w-btn us-btn-style_7 us_custom_85abdf68 icon_atleft\" href=\"http:\/\/www.rajfrance.org\/fr\/adhesion\/\"><i class=\"material-icons\">done<\/i><span class=\"w-btn-label\">Devenir ADHERENT<\/span><\/a><\/div><div class=\"w-separator size_custom\" style=\"height:60px\"><\/div><\/div><\/div><\/div><\/div><\/div><\/div><\/div><\/div><\/div><\/section><section class=\"l-section wpb_row height_small\"><div class=\"l-section-overlay\" style=\"background:rgba(255,255,255,0.96)\"><\/div><div class=\"l-section-h i-cf\"><div class=\"g-cols vc_row via_flex valign_top type_default stacking_default\"><div class=\"vc_col-sm-12 wpb_column vc_column_container us_animate_afb\"><div class=\"vc_column-inner\"><div class=\"wpb_wrapper\"><div class=\"g-cols wpb_row via_flex valign_top type_default stacking_default\"><div class=\"vc_col-sm-12 wpb_column vc_column_container us_animate_afb\"><div class=\"vc_column-inner\"><div class=\"wpb_wrapper\"><div class=\"wpb_text_column\"><div class=\"wpb_wrapper\"><h2 style=\"text-align: center;\">LE MOT DE LA <span style=\"color: #004a81;\"><strong>PR\u00c9SIDENTE<\/strong><\/span><\/h2>\n<\/div><\/div><\/div><\/div><\/div><\/div><div class=\"w-separator size_small with_line width_30 thick_1 style_solid color_border align_center\"><div class=\"w-separator-h\"><\/div><\/div><div class=\"wpb_text_column\"><div class=\"wpb_wrapper\"><h5 style=\"text-align: center;\">Bienvenue sur le site du <span style=\"color: #004a81;\"><strong>Rassemblement des Avocats Juifs de France (RAJF)\u00a0!<\/strong><\/span><\/h5>\n<\/div><\/div><div class=\"w-separator size_custom\" style=\"height:32px\"><\/div><div class=\"g-cols wpb_row via_flex valign_top type_default stacking_default\"><div class=\"vc_col-sm-6 wpb_column vc_column_container us_animate_afl\" style=\"animation-delay:0.4s\"><div class=\"vc_column-inner\"><div class=\"wpb_wrapper\"><div class=\"wpb_text_column\"><div class=\"wpb_wrapper\"><p style=\"text-align: left;\"><span style=\"color: #004a81;\"><em><strong>Le Rassemblement des Avocats juifs de France : un espace d\u2019\u00e9changes, d\u2019engagements et de r\u00e9flexion pour tous les avocats.<\/strong><\/em><\/span><\/p>\n<\/div><\/div><div class=\"wpb_text_column\"><div class=\"wpb_wrapper\"><p>Le RAJF est une association du Barreau de Paris \u00e0 vocation universelle. Cr\u00e9\u00e9e pour offrir aux avocats un cadre convivial de rencontre et de dialogue, elle propose des \u00e9changes autour de th\u00e9matiques li\u00e9es au juda\u00efsme, au droit &#8211; fran\u00e7ais ou international &#8211; et \u00e0 des valeurs communes telles que l\u2019\u00e9thique, la justice et la d\u00e9fense des droits humains.<\/p>\n<p>En ce sens, le RAJF contribue activement \u00e0 la vie d\u00e9mocratique de l\u2019Ordre et \u00e0 la promotion des principes essentiels de notre profession.<\/p>\n<p>V\u00e9ritable lieu de r\u00e9flexion, de formation et de d\u00e9veloppement professionnel, l\u2019association s\u2019engage \u00e9galement dans la lutte contre l\u2019antis\u00e9mitisme. Elle intervient en amont des travaux l\u00e9gislatifs, participe \u00e0 l\u2019\u00e9laboration des lois et soutient les actions judiciaires ou disciplinaires engag\u00e9es par les victimes d\u2019actes antis\u00e9mites ou d\u2019apologie du terrorisme.<\/p>\n<p>Le RAJF s\u2019int\u00e9resse aussi aux grandes questions qui traversent le peuple juif, notamment celles relatives \u00e0 sa relation avec l\u2019\u00c9tat d\u2019Isra\u00ebl.<\/p>\n<p>Chaque ann\u00e9e, nous organisons des conf\u00e9rences au sein du Barreau, anim\u00e9es par des intervenants reconnus pour leur expertise. Nos membres b\u00e9n\u00e9ficient \u00e9galement de formations et de d\u00e9bats sur les enjeux juridiques et soci\u00e9taux majeurs : lutte contre le terrorisme, racisme, antis\u00e9mitisme, immigration, la\u00efcit\u00e9\u2026<\/p>\n<p>Enfin, le RAJF favorise les rencontres entre avocats, toutes origines et convictions confondues, notamment lors de son d\u00eener annuel, qui accueille des personnalit\u00e9s marquantes de la soci\u00e9t\u00e9 civile.<\/p>\n<\/div><\/div><div class=\"wpb_text_column\"><div class=\"wpb_wrapper\"><p style=\"text-align: left;\"><span style=\"color: #004a81;\"><em><strong>Alors, Avocats juifs ou non juifs, rejoignez-nous !<\/strong><\/em><\/span><\/p>\n<\/div><\/div><\/div><\/div><\/div><div class=\"vc_col-sm-6 wpb_column vc_column_container us_animate_afr\" style=\"animation-delay:0.8s\"><div class=\"vc_column-inner\"><div class=\"wpb_wrapper\"><div class=\"w-image align_none\"><div class=\"w-image-h\"><img decoding=\"async\" width=\"151\" height=\"148\" src=\"https:\/\/www.rajfrance.org\/fr\/wp-content\/uploads\/2025\/10\/20251001-IN-Photo-N.ATTIAS.jpg\" class=\"attachment-us_600_0 size-us_600_0\" alt=\"\" loading=\"lazy\" \/><\/div><\/div>[vc_custom_heading text=\u00a0\u00bbNathalie ATTIAS\u00a0\u00bb font_container=\u00a0\u00bbtag:h4|font_size:20px|text_align:left|line_height:40px\u00a0\u00bb google_fonts=\u00a0\u00bbfont_family:Shadows%20Into%20Light%20Two%3Aregular|font_style:400%20regular%3A400%3Anormal\u00a0\u00bb css=\u00a0\u00bb%7B%22default%22%3A%7B%22font-size%22%3A%2220px%22%2C%22line-height%22%3A%2240px%22%7D%7D\u00a0\u00bb]<\/div><\/div><\/div><\/div><\/div><\/div><\/div><\/div><\/div><\/section><!-- Row Backgrounds --><div class=\"upb_bg_img\" data-ultimate-bg=\"url(https:\/\/www.rajfrance.org\/fr\/wp-content\/uploads\/2018\/07\/fond.svg)\" data-image-id=\"id^23066|url^http:\/\/www.rajfrance.org\/fr\/wp-content\/uploads\/2018\/07\/fond.svg|caption^null|alt^null|title^fond|description^null\" data-ultimate-bg-style=\"vcpb-default\" data-bg-img-repeat=\"no-repeat\" data-bg-img-size=\"cover\" data-bg-img-position=\"\" data-parallx_sense=\"30\" data-bg-override=\"0\" data-bg_img_attach=\"fixed\" data-upb-overlay-color=\"\" data-upb-bg-animation=\"\" data-fadeout=\"\" data-bg-animation=\"left-animation\" data-bg-animation-type=\"h\" data-animation-repeat=\"repeat\" data-fadeout-percentage=\"30\" data-parallax-content=\"\" data-parallax-content-sense=\"30\" data-row-effect-mobile-disable=\"true\" data-img-parallax-mobile-disable=\"true\" data-rtl=\"false\"  data-custom-vc-row=\"\"  data-vc=\"8.6.1\"  data-is_old_vc=\"\"  data-theme-support=\"\"   data-overlay=\"false\" data-overlay-color=\"\" data-overlay-pattern=\"\" data-overlay-pattern-opacity=\"\" data-overlay-pattern-size=\"\"    ><\/div><section class=\"l-section wpb_row us_custom_5747ab42 height_medium width_full\"><div class=\"l-section-h i-cf\"><div class=\"g-cols vc_row via_flex valign_top type_default stacking_default\"><div class=\"vc_col-sm-12 wpb_column vc_column_container us_animate_afb\"><div class=\"vc_column-inner\"><div class=\"wpb_wrapper\"><div class=\"wpb_text_column\"><div class=\"wpb_wrapper\"><h1 style=\"text-align: center;\">\u00c9venements du <span style=\"color: #004a81;\"><strong>RAJF<\/strong><\/span><\/h1>\n<\/div><\/div><div class=\"w-separator size_large with_line width_30 thick_1 style_solid color_border align_center\"><div class=\"w-separator-h\"><\/div><\/div><div class=\"w-separator size_custom\" style=\"height:32px\"><\/div><div class=\"w-grid us_custom_a2c0f4c0 type_grid layout_23662 cols_4 overflow_hidden\" id=\"us_grid_1\" style=\"--columns:4;--gap:2px;\" data-filterable=\"true\"><style>@media (max-width:1380px){#us_grid_1{--columns:3!important}}@media (max-width:1024px){#us_grid_1{--columns:2!important}}@media (max-width:600px){#us_grid_1{--columns:1!important}}@media (min-width:1024px){#us_grid_1 .w-post-elm.post_title{font-size:13px!important}}.layout_23662 .w-grid-item-h{}.layout_23662 .usg_post_image_1{transition-duration:0.3s;transform-origin:50% 50%;transform:scale(1) translate(0,0)}.layout_23662 .w-grid-item-h:focus-within .usg_post_image_1,.layout_23662 .w-grid-item-h:hover .usg_post_image_1{transform:scale(1.2) translate(0,0);opacity:1}.layout_23662 .usg_vwrapper_1{position:absolute!important;right:0!important;bottom:0!important;left:0!important;padding:5rem 2rem 1.5rem 2rem!important}.layout_23662 .usg_post_title_1{font-weight:700!important;color:#ffffff!important}<\/style><div class=\"w-grid-list\">\t<article class=\"w-grid-item size_1x1 post-24934 post type-post status-publish format-standard has-post-thumbnail hentry category-evenements\" data-id=\"24934\">\r\n\t\t<div class=\"w-grid-item-h\">\r\n\t\t\t\t\t\t<div class=\"w-post-elm post_image usg_post_image_1 stretched\"><a href=\"https:\/\/www.rajfrance.org\/fr\/2026\/04\/07\/atelier-de-formation-la-force-des-mots-le-13-avril-2026\/\" aria-label=\"Atelier de formation \u00ab La force des mots \u00bb le 13 avril 2026\"><img loading=\"lazy\" decoding=\"async\" width=\"150\" height=\"150\" src=\"https:\/\/www.rajfrance.org\/fr\/wp-content\/uploads\/2026\/04\/Event_20260413-150x150.jpeg\" class=\"attachment-thumbnail size-thumbnail wp-post-image\" alt=\"\" srcset=\"https:\/\/www.rajfrance.org\/fr\/wp-content\/uploads\/2026\/04\/Event_20260413-150x150.jpeg 150w, https:\/\/www.rajfrance.org\/fr\/wp-content\/uploads\/2026\/04\/Event_20260413-350x350.jpeg 350w, https:\/\/www.rajfrance.org\/fr\/wp-content\/uploads\/2026\/04\/Event_20260413-600x600.jpeg 600w, https:\/\/www.rajfrance.org\/fr\/wp-content\/uploads\/2026\/04\/Event_20260413-300x300.jpeg 300w\" sizes=\"auto, (max-width: 150px) 100vw, 150px\" \/><\/a><\/div><div class=\"w-vwrapper usg_vwrapper_1 align_left valign_bottom\"><h2 class=\"w-post-elm post_title usg_post_title_1 has_text_color entry-title color_link_inherit\"><a href=\"https:\/\/www.rajfrance.org\/fr\/2026\/04\/07\/atelier-de-formation-la-force-des-mots-le-13-avril-2026\/\">Atelier de formation \u00ab La force des mots \u00bb le 13 avril 2026<\/a><\/h2><\/div>\t\t<\/div>\r\n\t\t\t<\/article>\r\n\t<article class=\"w-grid-item size_1x1 post-24851 post type-post status-publish format-standard has-post-thumbnail hentry category-evenements\" data-id=\"24851\">\r\n\t\t<div class=\"w-grid-item-h\">\r\n\t\t\t\t\t\t<div class=\"w-post-elm post_image usg_post_image_1 stretched\"><a href=\"https:\/\/www.rajfrance.org\/fr\/2026\/02\/23\/projection-du-film-nuremberg-12-mars-2026\/\" aria-label=\"Projection du film Nuremberg &#8211; 12 mars 2026\"><img loading=\"lazy\" decoding=\"async\" width=\"150\" height=\"150\" src=\"https:\/\/www.rajfrance.org\/fr\/wp-content\/uploads\/2026\/02\/WhatsApp-Image-2026-03-06-at-17.22.30-150x150.jpeg\" class=\"attachment-thumbnail size-thumbnail wp-post-image\" alt=\"\" srcset=\"https:\/\/www.rajfrance.org\/fr\/wp-content\/uploads\/2026\/02\/WhatsApp-Image-2026-03-06-at-17.22.30-150x150.jpeg 150w, https:\/\/www.rajfrance.org\/fr\/wp-content\/uploads\/2026\/02\/WhatsApp-Image-2026-03-06-at-17.22.30-350x350.jpeg 350w, https:\/\/www.rajfrance.org\/fr\/wp-content\/uploads\/2026\/02\/WhatsApp-Image-2026-03-06-at-17.22.30-600x600.jpeg 600w, https:\/\/www.rajfrance.org\/fr\/wp-content\/uploads\/2026\/02\/WhatsApp-Image-2026-03-06-at-17.22.30-300x300.jpeg 300w\" sizes=\"auto, (max-width: 150px) 100vw, 150px\" \/><\/a><\/div><div class=\"w-vwrapper usg_vwrapper_1 align_left valign_bottom\"><h2 class=\"w-post-elm post_title usg_post_title_1 has_text_color entry-title color_link_inherit\"><a href=\"https:\/\/www.rajfrance.org\/fr\/2026\/02\/23\/projection-du-film-nuremberg-12-mars-2026\/\">Projection du film Nuremberg &#8211; 12 mars 2026<\/a><\/h2><\/div>\t\t<\/div>\r\n\t\t\t<\/article>\r\n\t<article class=\"w-grid-item size_1x1 post-24816 post type-post status-publish format-standard has-post-thumbnail hentry category-evenements\" data-id=\"24816\">\r\n\t\t<div class=\"w-grid-item-h\">\r\n\t\t\t\t\t\t<div class=\"w-post-elm post_image usg_post_image_1 stretched\"><a href=\"https:\/\/www.rajfrance.org\/fr\/2026\/01\/30\/conference-joseph-kessel-11-fevrier-2026\/\" aria-label=\"Conf\u00e9rence Joseph Kessel &#8211; 11 f\u00e9vrier 2026\"><img loading=\"lazy\" decoding=\"async\" width=\"150\" height=\"150\" src=\"https:\/\/www.rajfrance.org\/fr\/wp-content\/uploads\/2026\/01\/WhatsApp-Image-2026-02-08-at-20.06.21-150x150.jpeg\" class=\"attachment-thumbnail size-thumbnail wp-post-image\" alt=\"\" srcset=\"https:\/\/www.rajfrance.org\/fr\/wp-content\/uploads\/2026\/01\/WhatsApp-Image-2026-02-08-at-20.06.21-150x150.jpeg 150w, https:\/\/www.rajfrance.org\/fr\/wp-content\/uploads\/2026\/01\/WhatsApp-Image-2026-02-08-at-20.06.21-350x350.jpeg 350w, https:\/\/www.rajfrance.org\/fr\/wp-content\/uploads\/2026\/01\/WhatsApp-Image-2026-02-08-at-20.06.21-600x600.jpeg 600w, https:\/\/www.rajfrance.org\/fr\/wp-content\/uploads\/2026\/01\/WhatsApp-Image-2026-02-08-at-20.06.21-300x300.jpeg 300w\" sizes=\"auto, (max-width: 150px) 100vw, 150px\" \/><\/a><\/div><div class=\"w-vwrapper usg_vwrapper_1 align_left valign_bottom\"><h2 class=\"w-post-elm post_title usg_post_title_1 has_text_color entry-title color_link_inherit\"><a href=\"https:\/\/www.rajfrance.org\/fr\/2026\/01\/30\/conference-joseph-kessel-11-fevrier-2026\/\">Conf\u00e9rence Joseph Kessel &#8211; 11 f\u00e9vrier 2026<\/a><\/h2><\/div>\t\t<\/div>\r\n\t\t\t<\/article>\r\n\t<article class=\"w-grid-item size_1x1 post-24614 post type-post status-publish format-standard has-post-thumbnail hentry category-evenements\" data-id=\"24614\">\r\n\t\t<div class=\"w-grid-item-h\">\r\n\t\t\t\t\t\t<div class=\"w-post-elm post_image usg_post_image_1 stretched\"><a href=\"https:\/\/www.rajfrance.org\/fr\/2025\/09\/29\/diner-du-rajf-20-novembre-2025\/\" aria-label=\"D\u00eener du RAJF &#8211; 20 novembre 2025\"><img loading=\"lazy\" decoding=\"async\" width=\"150\" height=\"150\" src=\"https:\/\/www.rajfrance.org\/fr\/wp-content\/uploads\/2018\/07\/avocats_paris-150x150.jpg\" class=\"attachment-thumbnail size-thumbnail wp-post-image\" alt=\"\" srcset=\"https:\/\/www.rajfrance.org\/fr\/wp-content\/uploads\/2018\/07\/avocats_paris-150x150.jpg 150w, https:\/\/www.rajfrance.org\/fr\/wp-content\/uploads\/2018\/07\/avocats_paris-350x350.jpg 350w, https:\/\/www.rajfrance.org\/fr\/wp-content\/uploads\/2018\/07\/avocats_paris-600x600.jpg 600w, https:\/\/www.rajfrance.org\/fr\/wp-content\/uploads\/2018\/07\/avocats_paris-300x300.jpg 300w, https:\/\/www.rajfrance.org\/fr\/wp-content\/uploads\/2018\/07\/avocats_paris-100x100.jpg 100w\" sizes=\"auto, (max-width: 150px) 100vw, 150px\" \/><\/a><\/div><div class=\"w-vwrapper usg_vwrapper_1 align_left valign_bottom\"><h2 class=\"w-post-elm post_title usg_post_title_1 has_text_color entry-title color_link_inherit\"><a href=\"https:\/\/www.rajfrance.org\/fr\/2025\/09\/29\/diner-du-rajf-20-novembre-2025\/\">D\u00eener du RAJF &#8211; 20 novembre 2025<\/a><\/h2><\/div>\t\t<\/div>\r\n\t\t\t<\/article>\r\n<\/div><div class=\"w-grid-preloader\">\t<div class=\"g-preloader type_1\">\r\n\t\t<div><\/div>\r\n\t<\/div>\r\n\t<\/div>\t<div class=\"w-grid-json hidden\" onclick='return {&quot;action&quot;:&quot;us_ajax_grid&quot;,&quot;infinite_scroll&quot;:0,&quot;max_num_pages&quot;:4,&quot;pagination&quot;:&quot;none&quot;,&quot;template_vars&quot;:{&quot;columns&quot;:&quot;4&quot;,&quot;exclude_items&quot;:&quot;none&quot;,&quot;img_size&quot;:&quot;thumbnail&quot;,&quot;ignore_items_size&quot;:0,&quot;items_layout&quot;:&quot;23662&quot;,&quot;items_offset&quot;:&quot;1&quot;,&quot;load_animation&quot;:&quot;none&quot;,&quot;overriding_link&quot;:&quot;%7B%22url%22%3A%22%22%7D&quot;,&quot;post_id&quot;:0,&quot;query_args&quot;:{&quot;post_type&quot;:[&quot;post&quot;],&quot;post_status&quot;:[&quot;publish&quot;],&quot;posts_per_page&quot;:&quot;4&quot;},&quot;orderby_query_args&quot;:{&quot;orderby&quot;:{&quot;date&quot;:&quot;DESC&quot;}},&quot;type&quot;:&quot;grid&quot;,&quot;us_grid_post_type&quot;:&quot;post&quot;,&quot;us_grid_ajax_index&quot;:1,&quot;us_grid_filter_query_string&quot;:null,&quot;us_grid_index&quot;:1,&quot;page_args&quot;:[]}}'><\/div>\r\n\t<\/div><\/div><\/div><\/div><\/div><\/div><\/section><section class=\"l-section wpb_row height_auto width_full color_alternate\"><div class=\"l-section-h i-cf\"><div class=\"g-cols vc_row via_flex valign_middle type_boxes stacking_default\"><div class=\"vc_col-sm-6 wpb_column vc_column_container has_bg_color\"><div class=\"vc_column-inner us_custom_c15bb353\"><div class=\"wpb_wrapper\"><div class=\"w-separator size_custom\" style=\"height:200px\"><\/div><\/div><\/div><\/div><div class=\"vc_col-sm-6 wpb_column vc_column_container us_animate_afb\"><div class=\"vc_column-inner\"><div class=\"wpb_wrapper\"><div class=\"wpb_text_column\"><div class=\"wpb_wrapper\"><h2>QUELQUES INFORMATIONS UTILES EN LIEN AVEC LE <span style=\"color: #004a81;\"><strong>RAJF<\/strong><\/span><\/h2>\n<\/div><\/div><div class=\"w-separator size_medium\"><\/div><div class=\"g-cols wpb_row via_flex valign_top type_default stacking_default\"><div class=\"vc_col-sm-6 wpb_column vc_column_container us_animate_afb\" style=\"animation-delay:0.2s\"><div class=\"vc_column-inner\"><div class=\"wpb_wrapper\"><div class=\"w-iconbox iconpos_left style_circle color_primary align_left\"><div class=\"w-iconbox-icon\" style=\"font-size:24px;\"><i class=\"fas fa-link\"><\/i><\/div><div class=\"w-iconbox-meta\"><h4 class=\"w-iconbox-title\">Liens<\/h4><div class=\"w-iconbox-text\"><p><a href=\"http:\/\/www.avocatparis.org\" target=\"_blank\" rel=\"noopener noreferrer\">Barreau de Paris<\/a><br \/>\n<a href=\"https:\/\/www.cnb.avocat.fr\" target=\"_blank\" rel=\"noopener noreferrer\">Conseil National des Barreaux<\/a><br \/>\n<a href=\"http:\/\/www.crif.org\" target=\"_blank\" rel=\"noopener noreferrer\">CRIF<\/a><br \/>\n<a href=\"http:\/\/uja.fr\" target=\"_blank\" rel=\"noopener noreferrer\">UJA<\/a><\/p>\n<\/div><\/div><\/div><\/div><\/div><\/div><div class=\"vc_col-sm-6 wpb_column vc_column_container us_animate_afb\" style=\"animation-delay:0.4s\"><div class=\"vc_column-inner\"><div class=\"wpb_wrapper\"><div class=\"w-iconbox iconpos_left style_circle color_primary align_left\"><div class=\"w-iconbox-icon\" style=\"font-size:24px;\"><i class=\"material-icons\">email<\/i><\/div><div class=\"w-iconbox-meta\"><h4 class=\"w-iconbox-title\">Contact<\/h4><div class=\"w-iconbox-text\"><p>Rassemblement des Avocats Juifs de France (RAJF)<br \/>\nc\/ Me Bernard Cahen<br \/>\n56, avenue Victor Hugo<br \/>\n75\u00a0116 Paris<br \/>\n<a href=\"mailto:contact@rajf.org,secretaire.general@rajf.org\" target=\"_blank\" rel=\"noopener noreferrer\">Contact RAJF par mail<\/a><\/p>\n<\/div><\/div><\/div><\/div><\/div><\/div><\/div><\/div><\/div><\/div><\/div><\/div><\/section><section class=\"l-section wpb_row us_custom_bc982f6d has_text_color height_small\"><div class=\"l-section-h i-cf\"><div class=\"g-cols vc_row via_flex valign_middle type_default stacking_default\"><div class=\"vc_col-sm-12 wpb_column vc_column_container us_animate_afb\"><div class=\"vc_column-inner\"><div class=\"wpb_wrapper\"><div class=\"wpb_text_column\"><div class=\"wpb_wrapper\"><h5 style=\"text-align: center;\">SI VOUS \u00caTES <strong>T\u00c9MOINS OU VICTIMES<\/strong> D&rsquo;UNE AGRESSION ANTIS\u00c9MITE, VOUS POUVEZ CONTACTER LE SPCJ (Service de Protection de la Communaut\u00e9 Juive) AU :<\/h5>\n<\/div><\/div><div class=\"w-btn-wrapper align_center\"><a class=\"w-btn us-btn-style_7 us_custom_a6ceb248\" href=\"tel:0800182626\"><span class=\"w-btn-label\">0800 182 626<\/span><\/a><\/div><\/div><\/div><\/div><\/div><\/div><\/section><section class=\"l-section wpb_row height_small color_primary\" id=\"custom\"><div class=\"l-section-h i-cf\"><div class=\"g-cols vc_row via_flex valign_middle type_default stacking_default\"><div class=\"vc_col-sm-8 wpb_column vc_column_container us_animate_fade\"><div class=\"vc_column-inner\"><div class=\"wpb_wrapper\"><div class=\"wpb_text_column\"><div class=\"wpb_wrapper\"><h6 style=\"text-align: center;\">Rejoignez le mouvement du <strong>RASSEMBLEMENT DES AVOCATS JUIFS DE FRANCE<\/strong><\/h6>\n<\/div><\/div><\/div><\/div><\/div><div class=\"vc_col-sm-4 wpb_column vc_column_container us_animate_afr\" style=\"animation-delay:0.2s\"><div class=\"vc_column-inner\"><div class=\"wpb_wrapper\"><div class=\"w-btn-wrapper align_center\"><a class=\"w-btn us-btn-style_8 us_custom_85abdf68 icon_atleft\" href=\"http:\/\/www.rajfrance.org\/fr\/adhesion\/\"><i class=\"material-icons\">done<\/i><span class=\"w-btn-label\">ADH\u00c9RER<\/span><\/a><\/div><\/div><\/div><\/div><\/div><\/div><\/section>\n","protected":false},"excerpt":{"rendered":"Les inscriptions pour le rituel d&icirc;ner du RAJF (Rassemblement des avocats juifs de France) sont ouvertes. Il se tiendra cette ann&eacute;e le Jeudi 20 Novembre 2025 &agrave; 20 heures &agrave; la Maison du Barreau, 2 rue du Harlay Paris 1er, en pr&eacute;sence de Monsieur le B&acirc;tonnier Pierre Hoffman, B&acirc;tonnier et de Monsieur Louis Degos, B&acirc;tonnier...","protected":false},"author":1,"featured_media":0,"parent":0,"menu_order":0,"comment_status":"closed","ping_status":"closed","template":"","meta":{"footnotes":""},"class_list":["post-1546","page","type-page","status-publish","hentry"],"_links":{"self":[{"href":"https:\/\/www.rajfrance.org\/fr\/wp-json\/wp\/v2\/pages\/1546","targetHints":{"allow":["GET"]}}],"collection":[{"href":"https:\/\/www.rajfrance.org\/fr\/wp-json\/wp\/v2\/pages"}],"about":[{"href":"https:\/\/www.rajfrance.org\/fr\/wp-json\/wp\/v2\/types\/page"}],"author":[{"embeddable":true,"href":"https:\/\/www.rajfrance.org\/fr\/wp-json\/wp\/v2\/users\/1"}],"replies":[{"embeddable":true,"href":"https:\/\/www.rajfrance.org\/fr\/wp-json\/wp\/v2\/comments?post=1546"}],"version-history":[{"count":73,"href":"https:\/\/www.rajfrance.org\/fr\/wp-json\/wp\/v2\/pages\/1546\/revisions"}],"predecessor-version":[{"id":24654,"href":"https:\/\/www.rajfrance.org\/fr\/wp-json\/wp\/v2\/pages\/1546\/revisions\/24654"}],"wp:attachment":[{"href":"https:\/\/www.rajfrance.org\/fr\/wp-json\/wp\/v2\/media?parent=1546"}],"curies":[{"name":"wp","href":"https:\/\/api.w.org\/{rel}","templated":true}]}}