{"id":23304,"date":"2018-08-01T16:52:08","date_gmt":"2018-08-01T14:52:08","guid":{"rendered":"http:\/\/www.rajfrance.org\/fr\/?post_type=product&#038;p=23304"},"modified":"2025-11-21T23:03:20","modified_gmt":"2025-11-21T22:03:20","slug":"diner-plus-adhesion-au-rajf","status":"publish","type":"product","link":"http:\/\/www.rajfrance.org\/fr\/product\/diner-plus-adhesion-au-rajf\/","title":{"rendered":"D\u00eener et adh\u00e9sion annuelle"},"content":{"rendered":"<p>D\u00eener et adh\u00e9sion annuelle<\/p>\n","protected":false},"excerpt":{"rendered":"<p>D&icirc;ner et adh&eacute;sion annuelle<\/p>\n","protected":false},"featured_media":23132,"template":"","meta":[],"product_brand":[],"product_cat":[60],"product_tag":[],"class_list":{"0":"post-23304","1":"product","2":"type-product","3":"status-publish","4":"has-post-thumbnail","6":"product_cat-diner","8":"first","9":"instock","10":"downloadable","11":"virtual","12":"purchasable","13":"product-type-simple"},"_links":{"self":[{"href":"http:\/\/www.rajfrance.org\/fr\/wp-json\/wp\/v2\/product\/23304","targetHints":{"allow":["GET"]}}],"collection":[{"href":"http:\/\/www.rajfrance.org\/fr\/wp-json\/wp\/v2\/product"}],"about":[{"href":"http:\/\/www.rajfrance.org\/fr\/wp-json\/wp\/v2\/types\/product"}],"wp:featuredmedia":[{"embeddable":true,"href":"http:\/\/www.rajfrance.org\/fr\/wp-json\/wp\/v2\/media\/23132"}],"wp:attachment":[{"href":"http:\/\/www.rajfrance.org\/fr\/wp-json\/wp\/v2\/media?parent=23304"}],"wp:term":[{"taxonomy":"product_brand","embeddable":true,"href":"http:\/\/www.rajfrance.org\/fr\/wp-json\/wp\/v2\/product_brand?post=23304"},{"taxonomy":"product_cat","embeddable":true,"href":"http:\/\/www.rajfrance.org\/fr\/wp-json\/wp\/v2\/product_cat?post=23304"},{"taxonomy":"product_tag","embeddable":true,"href":"http:\/\/www.rajfrance.org\/fr\/wp-json\/wp\/v2\/product_tag?post=23304"}],"curies":[{"name":"wp","href":"https:\/\/api.w.org\/{rel}","templated":true}]}}